{"id":2883,"date":"2020-08-20T18:21:25","date_gmt":"2020-08-20T18:21:25","guid":{"rendered":"https:\/\/www.priebe.legal\/pro-bono\/"},"modified":"2024-07-20T12:23:20","modified_gmt":"2024-07-20T12:23:20","slug":"pro-bono","status":"publish","type":"page","link":"https:\/\/www.priebe.legal\/de\/pro-bono\/","title":{"rendered":"Pro bono"},"content":{"rendered":"<p><div class=\"fusion-fullwidth fullwidth-box fusion-builder-row-1 fusion-flex-container nonhundred-percent-fullwidth non-hundred-percent-height-scrolling\" style=\"--awb-border-radius-top-left:0px;--awb-border-radius-top-right:0px;--awb-border-radius-bottom-right:0px;--awb-border-radius-bottom-left:0px;--awb-padding-top:1px;--awb-padding-bottom:0px;--awb-padding-top-medium:12px;--awb-padding-bottom-medium:24px;--awb-padding-top-small:0px;--awb-padding-bottom-small:0px;--awb-flex-wrap:wrap;\" ><div class=\"fusion-builder-row fusion-row fusion-flex-align-items-stretch fusion-flex-justify-content-center fusion-flex-content-wrap\" style=\"max-width:1310.4px;margin-left: calc(-4% \/ 2 );margin-right: calc(-4% \/ 2 );\"><div class=\"fusion-layout-column fusion_builder_column fusion-builder-column-0 fusion_builder_column_3_5 3_5 fusion-flex-column\" style=\"--awb-padding-top:2%;--awb-padding-right:10%;--awb-padding-bottom:8%;--awb-padding-left:10%;--awb-padding-top-medium:8%;--awb-padding-right-medium:8%;--awb-padding-bottom-medium:8%;--awb-padding-left-medium:8%;--awb-overflow:hidden;--awb-bg-color:var(--awb-color1);--awb-bg-color-hover:var(--awb-color1);--awb-bg-size:cover;--awb-box-shadow:0px 2px 4px -1px hsla(var(--awb-color1-h),var(--awb-color1-s),calc( var(--awb-color1-l) - 100% ),calc( var(--awb-color1-a) - 95% ));;--awb-border-color:hsla(var(--awb-color1-h),var(--awb-color1-s),calc( var(--awb-color1-l) - 100% ),calc( var(--awb-color1-a) - 95% ));--awb-border-top:1px;--awb-border-right:1px;--awb-border-bottom:1px;--awb-border-left:1px;--awb-border-style:solid;--awb-border-radius:8px 8px 8px 8px;--awb-width-large:60%;--awb-margin-top-large:20px;--awb-spacing-right-large:3.2%;--awb-margin-bottom-large:20px;--awb-spacing-left-large:3.2%;--awb-width-medium:60%;--awb-order-medium:0;--awb-spacing-right-medium:3.2%;--awb-spacing-left-medium:3.2%;--awb-width-small:100%;--awb-order-small:0;--awb-margin-top-small:0px;--awb-spacing-right-small:1.92%;--awb-spacing-left-small:1.92%;\"><div class=\"fusion-column-wrapper fusion-column-has-shadow fusion-flex-justify-content-flex-start fusion-content-layout-column\"><div class=\"fusion-text fusion-text-1\" style=\"--awb-font-size:15px;\"><p><strong>Pro Bono &#8211; Kostenlose Unterst\u00fctzung<\/strong><\/p>\n<\/div><div class=\"fusion-text fusion-text-2\" style=\"--awb-font-size:15px;\"><p><em><strong>&#8222;Pro bono<\/strong> (von lateinisch Pro bono publico = f\u00fcr das \u00f6ffentliche Wohl) &#8211; ein Begriff, der professionelle Dienstleistungen bezeichnet, die freiwillig und unentgeltlich im \u00f6ffentlichen Interesse erbracht werden.&#8220;<\/em><\/p>\n<\/div><div class=\"fusion-text fusion-text-3\" style=\"--awb-font-size:13px;\"><p>[Quelle: <i>Wikipedia<\/i>].<\/p>\n<\/div><div class=\"fusion-text fusion-text-4\" style=\"--awb-font-size:15px;\"><p>Nachhaltigkeit, soziales Bewusstsein und Verantwortung sind Werte, die die Gesch\u00e4ftst\u00e4tigkeit pr\u00e4gen. Ab 2020. Ich arbeite laufend mit dem Amt der Europ\u00e4ischen Union f\u00fcr geistiges Eigentum (EUIPO) im Rahmen des Projekts &#8222;Ideas powered for business&#8220; zusammen. Ziel des Projekts ist es, professionelle Rechtsberatung im Bereich des geistigen Eigentums auf Pro-bono-Basis, d. h. unentgeltlich, anzubieten.<\/p>\n<p>Im Rahmen des Projekts &#8222;Ideas powered for business&#8220; biete ich kostenlose Beratung in allen Fragen des geistigen Eigentums an.<\/p>\n<p>Brauchen Sie Unterst\u00fctzung? Anmeldung \u00fcber die Projektwebsite: <a href=\"https:\/\/www.euipo.europa.eu\/en\/discover-ip\/free-ip-support\" target=\"_blank\" rel=\"noopener\">https:\/\/www.euipo.europa.eu\/en\/discover-ip\/free-ip-support<\/a><\/p>\n<\/div><\/div><\/div><div class=\"fusion-layout-column fusion_builder_column fusion-builder-column-1 fusion_builder_column_2_5 2_5 fusion-flex-column\" style=\"--awb-padding-top:2%;--awb-padding-right:10%;--awb-padding-bottom:8%;--awb-padding-left:10%;--awb-padding-top-medium:8%;--awb-padding-right-medium:8%;--awb-padding-bottom-medium:8%;--awb-padding-left-medium:8%;--awb-overflow:hidden;--awb-bg-color:var(--awb-color1);--awb-bg-color-hover:var(--awb-color1);--awb-bg-size:cover;--awb-border-color:hsla(var(--awb-color1-h),var(--awb-color1-s),calc( var(--awb-color1-l) - 100% ),calc( var(--awb-color1-a) - 95% ));--awb-border-style:solid;--awb-border-radius:8px 8px 8px 8px;--awb-width-large:40%;--awb-margin-top-large:20px;--awb-spacing-right-large:4.8%;--awb-margin-bottom-large:20px;--awb-spacing-left-large:4.8%;--awb-width-medium:60%;--awb-order-medium:0;--awb-spacing-right-medium:3.2%;--awb-spacing-left-medium:3.2%;--awb-width-small:100%;--awb-order-small:0;--awb-margin-top-small:0px;--awb-spacing-right-small:1.92%;--awb-spacing-left-small:1.92%;\"><div class=\"fusion-column-wrapper fusion-column-has-shadow fusion-flex-justify-content-flex-start fusion-content-layout-column\"><div class=\"fusion-image-element \" style=\"--awb-caption-title-font-family:var(--h2_typography-font-family);--awb-caption-title-font-weight:var(--h2_typography-font-weight);--awb-caption-title-font-style:var(--h2_typography-font-style);--awb-caption-title-size:var(--h2_typography-font-size);--awb-caption-title-transform:var(--h2_typography-text-transform);--awb-caption-title-line-height:var(--h2_typography-line-height);--awb-caption-title-letter-spacing:var(--h2_typography-letter-spacing);\"><span class=\" fusion-imageframe imageframe-none imageframe-1 hover-type-none\" style=\"border-radius:12px;\"><img decoding=\"async\" width=\"600\" height=\"380\" title=\"probono\" src=\"https:\/\/www.priebe.legal\/wp-content\/uploads\/2024\/07\/probono.jpg\" data-orig-src=\"https:\/\/www.priebe.legal\/wp-content\/uploads\/2024\/07\/probono.jpg\" alt class=\"lazyload img-responsive wp-image-3041\" srcset=\"data:image\/svg+xml,%3Csvg%20xmlns%3D%27http%3A%2F%2Fwww.w3.org%2F2000%2Fsvg%27%20width%3D%27600%27%20height%3D%27380%27%20viewBox%3D%270%200%20600%20380%27%3E%3Crect%20width%3D%27600%27%20height%3D%27380%27%20fill-opacity%3D%220%22%2F%3E%3C%2Fsvg%3E\" data-srcset=\"https:\/\/www.priebe.legal\/wp-content\/uploads\/2024\/07\/probono-200x127.jpg 200w, https:\/\/www.priebe.legal\/wp-content\/uploads\/2024\/07\/probono-400x253.jpg 400w, https:\/\/www.priebe.legal\/wp-content\/uploads\/2024\/07\/probono.jpg 600w\" data-sizes=\"auto\" data-orig-sizes=\"(max-width: 640px) 100vw, 400px\" \/><\/span><\/div><\/div><\/div><\/div><\/div><div class=\"fusion-fullwidth fullwidth-box fusion-builder-row-2 fusion-flex-container nonhundred-percent-fullwidth non-hundred-percent-height-scrolling\" style=\"--awb-border-radius-top-left:0px;--awb-border-radius-top-right:0px;--awb-border-radius-bottom-right:0px;--awb-border-radius-bottom-left:0px;--awb-padding-top:1px;--awb-padding-bottom:0px;--awb-padding-top-medium:12px;--awb-padding-bottom-medium:24px;--awb-padding-top-small:0px;--awb-padding-bottom-small:0px;--awb-flex-wrap:wrap;\" ><div class=\"fusion-builder-row fusion-row fusion-flex-align-items-stretch fusion-flex-justify-content-center fusion-flex-content-wrap\" style=\"max-width:1310.4px;margin-left: calc(-4% \/ 2 );margin-right: calc(-4% \/ 2 );\"><div class=\"fusion-layout-column fusion_builder_column fusion-builder-column-2 fusion_builder_column_3_5 3_5 fusion-flex-column\" style=\"--awb-padding-top:2%;--awb-padding-right:10%;--awb-padding-bottom:8%;--awb-padding-left:10%;--awb-padding-top-medium:8%;--awb-padding-right-medium:8%;--awb-padding-bottom-medium:8%;--awb-padding-left-medium:8%;--awb-overflow:hidden;--awb-bg-color:var(--awb-color1);--awb-bg-color-hover:var(--awb-color1);--awb-bg-size:cover;--awb-box-shadow:0px 2px 4px -1px hsla(var(--awb-color1-h),var(--awb-color1-s),calc( var(--awb-color1-l) - 100% ),calc( var(--awb-color1-a) - 95% ));;--awb-border-color:hsla(var(--awb-color1-h),var(--awb-color1-s),calc( var(--awb-color1-l) - 100% ),calc( var(--awb-color1-a) - 95% ));--awb-border-top:1px;--awb-border-right:1px;--awb-border-bottom:1px;--awb-border-left:1px;--awb-border-style:solid;--awb-border-radius:8px 8px 8px 8px;--awb-width-large:60%;--awb-margin-top-large:20px;--awb-spacing-right-large:3.2%;--awb-margin-bottom-large:20px;--awb-spacing-left-large:3.2%;--awb-width-medium:60%;--awb-order-medium:0;--awb-spacing-right-medium:3.2%;--awb-spacing-left-medium:3.2%;--awb-width-small:100%;--awb-order-small:0;--awb-margin-top-small:0px;--awb-spacing-right-small:1.92%;--awb-spacing-left-small:1.92%;\"><div class=\"fusion-column-wrapper fusion-column-has-shadow fusion-flex-justify-content-flex-start fusion-content-layout-column\"><div class=\"fusion-text fusion-text-5\" style=\"--awb-font-size:15px;\"><p><strong>KMU-Fonds &#8211; Profitieren Sie von EU-Mitteln<\/strong><\/p>\n<\/div><div class=\"fusion-text fusion-text-6\" style=\"--awb-font-size:15px;\"><p>Ich helfe bei der Beschaffung von Finanzmitteln f\u00fcr den Schutz von Marken, Geschmacksmustern und Patenten. Der Zuschuss kann zur Deckung von Amtsgeb\u00fchren verwendet werden, sowohl im nationalen Verfahren in Polen als auch im EU- und internationalen Verfahren.<\/p>\n<p>Um F\u00f6rdermittel aus dem KMU-Fonds zu erhalten, reicht es aus, in der EU t\u00e4tig zu sein und den Status eines KMU zu haben. Es lohnt sich, die Vorteile zu nutzen!<\/p>\n<\/div><\/div><\/div><div class=\"fusion-layout-column fusion_builder_column fusion-builder-column-3 fusion_builder_column_2_5 2_5 fusion-flex-column\" style=\"--awb-padding-top:2%;--awb-padding-right:10%;--awb-padding-bottom:8%;--awb-padding-left:10%;--awb-padding-top-medium:8%;--awb-padding-right-medium:8%;--awb-padding-bottom-medium:8%;--awb-padding-left-medium:8%;--awb-overflow:hidden;--awb-bg-color:var(--awb-color1);--awb-bg-color-hover:var(--awb-color1);--awb-bg-size:cover;--awb-border-color:hsla(var(--awb-color1-h),var(--awb-color1-s),calc( var(--awb-color1-l) - 100% ),calc( var(--awb-color1-a) - 95% ));--awb-border-style:solid;--awb-border-radius:8px 8px 8px 8px;--awb-width-large:40%;--awb-margin-top-large:20px;--awb-spacing-right-large:4.8%;--awb-margin-bottom-large:20px;--awb-spacing-left-large:4.8%;--awb-width-medium:60%;--awb-order-medium:0;--awb-spacing-right-medium:3.2%;--awb-spacing-left-medium:3.2%;--awb-width-small:100%;--awb-order-small:0;--awb-margin-top-small:0px;--awb-spacing-right-small:1.92%;--awb-spacing-left-small:1.92%;\"><div class=\"fusion-column-wrapper fusion-column-has-shadow fusion-flex-justify-content-flex-start fusion-content-layout-column\"><div class=\"fusion-image-element \" style=\"--awb-caption-title-font-family:var(--h2_typography-font-family);--awb-caption-title-font-weight:var(--h2_typography-font-weight);--awb-caption-title-font-style:var(--h2_typography-font-style);--awb-caption-title-size:var(--h2_typography-font-size);--awb-caption-title-transform:var(--h2_typography-text-transform);--awb-caption-title-line-height:var(--h2_typography-line-height);--awb-caption-title-letter-spacing:var(--h2_typography-letter-spacing);\"><span class=\" fusion-imageframe imageframe-none imageframe-2 hover-type-none\" style=\"border-radius:12px;\"><img decoding=\"async\" width=\"598\" height=\"336\" title=\"Smefund\" src=\"https:\/\/www.priebe.legal\/wp-content\/uploads\/2024\/07\/Smefund.jpg\" data-orig-src=\"https:\/\/www.priebe.legal\/wp-content\/uploads\/2024\/07\/Smefund.jpg\" alt class=\"lazyload img-responsive wp-image-3045\" srcset=\"data:image\/svg+xml,%3Csvg%20xmlns%3D%27http%3A%2F%2Fwww.w3.org%2F2000%2Fsvg%27%20width%3D%27598%27%20height%3D%27336%27%20viewBox%3D%270%200%20598%20336%27%3E%3Crect%20width%3D%27598%27%20height%3D%27336%27%20fill-opacity%3D%220%22%2F%3E%3C%2Fsvg%3E\" data-srcset=\"https:\/\/www.priebe.legal\/wp-content\/uploads\/2024\/07\/Smefund-200x112.jpg 200w, https:\/\/www.priebe.legal\/wp-content\/uploads\/2024\/07\/Smefund-400x225.jpg 400w, https:\/\/www.priebe.legal\/wp-content\/uploads\/2024\/07\/Smefund.jpg 598w\" data-sizes=\"auto\" data-orig-sizes=\"(max-width: 640px) 100vw, 400px\" \/><\/span><\/div><\/div><\/div><\/div><\/div><div class=\"fusion-fullwidth fullwidth-box fusion-builder-row-3 fusion-flex-container nonhundred-percent-fullwidth non-hundred-percent-height-scrolling\" style=\"--awb-border-radius-top-left:0px;--awb-border-radius-top-right:0px;--awb-border-radius-bottom-right:0px;--awb-border-radius-bottom-left:0px;--awb-padding-top:1px;--awb-padding-bottom:0px;--awb-padding-top-medium:12px;--awb-padding-bottom-medium:24px;--awb-padding-top-small:0px;--awb-padding-bottom-small:0px;--awb-flex-wrap:wrap;\" ><div class=\"fusion-builder-row fusion-row fusion-flex-align-items-stretch fusion-flex-justify-content-center fusion-flex-content-wrap\" style=\"max-width:1310.4px;margin-left: calc(-4% \/ 2 );margin-right: calc(-4% \/ 2 );\"><div class=\"fusion-layout-column fusion_builder_column fusion-builder-column-4 fusion_builder_column_3_5 3_5 fusion-flex-column\" style=\"--awb-padding-top:2%;--awb-padding-right:10%;--awb-padding-bottom:8%;--awb-padding-left:10%;--awb-padding-top-medium:8%;--awb-padding-right-medium:8%;--awb-padding-bottom-medium:8%;--awb-padding-left-medium:8%;--awb-overflow:hidden;--awb-bg-color:var(--awb-color1);--awb-bg-color-hover:var(--awb-color1);--awb-bg-size:cover;--awb-box-shadow:0px 2px 4px -1px hsla(var(--awb-color1-h),var(--awb-color1-s),calc( var(--awb-color1-l) - 100% ),calc( var(--awb-color1-a) - 95% ));;--awb-border-color:hsla(var(--awb-color1-h),var(--awb-color1-s),calc( var(--awb-color1-l) - 100% ),calc( var(--awb-color1-a) - 95% ));--awb-border-top:1px;--awb-border-right:1px;--awb-border-bottom:1px;--awb-border-left:1px;--awb-border-style:solid;--awb-border-radius:8px 8px 8px 8px;--awb-width-large:60%;--awb-margin-top-large:20px;--awb-spacing-right-large:3.2%;--awb-margin-bottom-large:20px;--awb-spacing-left-large:3.2%;--awb-width-medium:60%;--awb-order-medium:0;--awb-spacing-right-medium:3.2%;--awb-spacing-left-medium:3.2%;--awb-width-small:100%;--awb-order-small:0;--awb-margin-top-small:0px;--awb-spacing-right-small:1.92%;--awb-spacing-left-small:1.92%;\"><div class=\"fusion-column-wrapper fusion-column-has-shadow fusion-flex-justify-content-flex-start fusion-content-layout-column\"><div class=\"fusion-text fusion-text-7\" style=\"--awb-font-size:15px;\"><p><strong>IP Scan &#8211; kostenlose Analyse und Beratung<\/strong><\/p>\n<\/div><div class=\"fusion-text fusion-text-8\" style=\"--awb-font-size:15px;\"><p>Im Rahmen des IP Scan-Projekts k\u00f6nnen Sie 630 EUR f\u00fcr eine professionelle IP-Analyse Ihres Unternehmens erhalten.<\/p>\n<p>Es lohnt sich, das Unternehmen zu &#8218;durchleuchten&#8216; und herauszufinden, wie man geistiges Eigentum noch besser sch\u00fctzen und nutzen kann, um einen Wettbewerbsvorteil zu erlangen.<\/p>\n<\/div><\/div><\/div><div class=\"fusion-layout-column fusion_builder_column fusion-builder-column-5 fusion_builder_column_2_5 2_5 fusion-flex-column\" style=\"--awb-padding-top:2%;--awb-padding-right:10%;--awb-padding-bottom:8%;--awb-padding-left:10%;--awb-padding-top-medium:8%;--awb-padding-right-medium:8%;--awb-padding-bottom-medium:8%;--awb-padding-left-medium:8%;--awb-overflow:hidden;--awb-bg-color:var(--awb-color1);--awb-bg-color-hover:var(--awb-color1);--awb-bg-size:cover;--awb-border-color:hsla(var(--awb-color1-h),var(--awb-color1-s),calc( var(--awb-color1-l) - 100% ),calc( var(--awb-color1-a) - 95% ));--awb-border-style:solid;--awb-border-radius:8px 8px 8px 8px;--awb-width-large:40%;--awb-margin-top-large:20px;--awb-spacing-right-large:4.8%;--awb-margin-bottom-large:20px;--awb-spacing-left-large:4.8%;--awb-width-medium:60%;--awb-order-medium:0;--awb-spacing-right-medium:3.2%;--awb-spacing-left-medium:3.2%;--awb-width-small:100%;--awb-order-small:0;--awb-margin-top-small:0px;--awb-spacing-right-small:1.92%;--awb-spacing-left-small:1.92%;\"><div class=\"fusion-column-wrapper fusion-column-has-shadow fusion-flex-justify-content-flex-start fusion-content-layout-column\"><div class=\"fusion-image-element \" style=\"--awb-caption-title-font-family:var(--h2_typography-font-family);--awb-caption-title-font-weight:var(--h2_typography-font-weight);--awb-caption-title-font-style:var(--h2_typography-font-style);--awb-caption-title-size:var(--h2_typography-font-size);--awb-caption-title-transform:var(--h2_typography-text-transform);--awb-caption-title-line-height:var(--h2_typography-line-height);--awb-caption-title-letter-spacing:var(--h2_typography-letter-spacing);\"><span class=\" fusion-imageframe imageframe-none imageframe-3 hover-type-none\" style=\"border-radius:12px;\"><img decoding=\"async\" width=\"606\" height=\"342\" title=\"ipscan\" src=\"https:\/\/www.priebe.legal\/wp-content\/uploads\/2024\/07\/ipscan.jpg\" data-orig-src=\"https:\/\/www.priebe.legal\/wp-content\/uploads\/2024\/07\/ipscan.jpg\" alt class=\"lazyload img-responsive wp-image-3048\" srcset=\"data:image\/svg+xml,%3Csvg%20xmlns%3D%27http%3A%2F%2Fwww.w3.org%2F2000%2Fsvg%27%20width%3D%27606%27%20height%3D%27342%27%20viewBox%3D%270%200%20606%20342%27%3E%3Crect%20width%3D%27606%27%20height%3D%27342%27%20fill-opacity%3D%220%22%2F%3E%3C%2Fsvg%3E\" data-srcset=\"https:\/\/www.priebe.legal\/wp-content\/uploads\/2024\/07\/ipscan-200x113.jpg 200w, https:\/\/www.priebe.legal\/wp-content\/uploads\/2024\/07\/ipscan-400x226.jpg 400w, https:\/\/www.priebe.legal\/wp-content\/uploads\/2024\/07\/ipscan-600x339.jpg 600w, https:\/\/www.priebe.legal\/wp-content\/uploads\/2024\/07\/ipscan.jpg 606w\" data-sizes=\"auto\" data-orig-sizes=\"(max-width: 640px) 100vw, 400px\" \/><\/span><\/div><\/div><\/div><\/div><\/div><\/p>\n","protected":false},"excerpt":{"rendered":"","protected":false},"author":1,"featured_media":0,"parent":0,"menu_order":0,"comment_status":"closed","ping_status":"closed","template":"100-width.php","meta":{"_acf_changed":false,"footnotes":""},"class_list":["post-2883","page","type-page","status-publish","hentry"],"acf":[],"yoast_head":"<!-- This site is optimized with the Yoast SEO plugin v27.4 - https:\/\/yoast.com\/product\/yoast-seo-wordpress\/ -->\n<title>Pro bono - PRIEBE | Prawo | Biznes | Nowe technologie<\/title>\n<meta name=\"robots\" content=\"index, follow, max-snippet:-1, max-image-preview:large, max-video-preview:-1\" \/>\n<link rel=\"canonical\" href=\"https:\/\/www.priebe.legal\/de\/pro-bono\/\" \/>\n<meta property=\"og:locale\" content=\"de_DE\" \/>\n<meta property=\"og:type\" content=\"article\" \/>\n<meta property=\"og:title\" content=\"Pro bono - PRIEBE | Prawo | Biznes | Nowe technologie\" \/>\n<meta property=\"og:url\" content=\"https:\/\/www.priebe.legal\/de\/pro-bono\/\" \/>\n<meta property=\"og:site_name\" content=\"PRIEBE | Prawo | Biznes | Nowe technologie\" \/>\n<meta property=\"article:modified_time\" content=\"2024-07-20T12:23:20+00:00\" \/>\n<meta name=\"twitter:card\" content=\"summary_large_image\" \/>\n<meta name=\"twitter:label1\" content=\"Gesch\u00e4tzte Lesezeit\" \/>\n\t<meta name=\"twitter:data1\" content=\"14\u00a0Minuten\" \/>\n<script type=\"application\/ld+json\" class=\"yoast-schema-graph\">{\"@context\":\"https:\\\/\\\/schema.org\",\"@graph\":[{\"@type\":\"WebPage\",\"@id\":\"https:\\\/\\\/www.priebe.legal\\\/de\\\/pro-bono\\\/\",\"url\":\"https:\\\/\\\/www.priebe.legal\\\/de\\\/pro-bono\\\/\",\"name\":\"Pro bono - PRIEBE | Prawo | Biznes | Nowe technologie\",\"isPartOf\":{\"@id\":\"https:\\\/\\\/www.priebe.legal\\\/de\\\/#website\"},\"datePublished\":\"2020-08-20T18:21:25+00:00\",\"dateModified\":\"2024-07-20T12:23:20+00:00\",\"breadcrumb\":{\"@id\":\"https:\\\/\\\/www.priebe.legal\\\/de\\\/pro-bono\\\/#breadcrumb\"},\"inLanguage\":\"de\",\"potentialAction\":[{\"@type\":\"ReadAction\",\"target\":[\"https:\\\/\\\/www.priebe.legal\\\/de\\\/pro-bono\\\/\"]}]},{\"@type\":\"BreadcrumbList\",\"@id\":\"https:\\\/\\\/www.priebe.legal\\\/de\\\/pro-bono\\\/#breadcrumb\",\"itemListElement\":[{\"@type\":\"ListItem\",\"position\":1,\"name\":\"Strona g\u0142\u00f3wna\",\"item\":\"https:\\\/\\\/www.priebe.legal\\\/de\\\/startseite\\\/\"},{\"@type\":\"ListItem\",\"position\":2,\"name\":\"Pro bono\"}]},{\"@type\":\"WebSite\",\"@id\":\"https:\\\/\\\/www.priebe.legal\\\/de\\\/#website\",\"url\":\"https:\\\/\\\/www.priebe.legal\\\/de\\\/\",\"name\":\"PRIEBE | Prawo | Biznes | Nowe technologie\",\"description\":\"\",\"potentialAction\":[{\"@type\":\"SearchAction\",\"target\":{\"@type\":\"EntryPoint\",\"urlTemplate\":\"https:\\\/\\\/www.priebe.legal\\\/de\\\/?s={search_term_string}\"},\"query-input\":{\"@type\":\"PropertyValueSpecification\",\"valueRequired\":true,\"valueName\":\"search_term_string\"}}],\"inLanguage\":\"de\"}]}<\/script>\n<!-- \/ Yoast SEO plugin. -->","yoast_head_json":{"title":"Pro bono - PRIEBE | Prawo | Biznes | Nowe technologie","robots":{"index":"index","follow":"follow","max-snippet":"max-snippet:-1","max-image-preview":"max-image-preview:large","max-video-preview":"max-video-preview:-1"},"canonical":"https:\/\/www.priebe.legal\/de\/pro-bono\/","og_locale":"de_DE","og_type":"article","og_title":"Pro bono - PRIEBE | Prawo | Biznes | Nowe technologie","og_url":"https:\/\/www.priebe.legal\/de\/pro-bono\/","og_site_name":"PRIEBE | Prawo | Biznes | Nowe technologie","article_modified_time":"2024-07-20T12:23:20+00:00","twitter_card":"summary_large_image","twitter_misc":{"Gesch\u00e4tzte Lesezeit":"14\u00a0Minuten"},"schema":{"@context":"https:\/\/schema.org","@graph":[{"@type":"WebPage","@id":"https:\/\/www.priebe.legal\/de\/pro-bono\/","url":"https:\/\/www.priebe.legal\/de\/pro-bono\/","name":"Pro bono - PRIEBE | Prawo | Biznes | Nowe technologie","isPartOf":{"@id":"https:\/\/www.priebe.legal\/de\/#website"},"datePublished":"2020-08-20T18:21:25+00:00","dateModified":"2024-07-20T12:23:20+00:00","breadcrumb":{"@id":"https:\/\/www.priebe.legal\/de\/pro-bono\/#breadcrumb"},"inLanguage":"de","potentialAction":[{"@type":"ReadAction","target":["https:\/\/www.priebe.legal\/de\/pro-bono\/"]}]},{"@type":"BreadcrumbList","@id":"https:\/\/www.priebe.legal\/de\/pro-bono\/#breadcrumb","itemListElement":[{"@type":"ListItem","position":1,"name":"Strona g\u0142\u00f3wna","item":"https:\/\/www.priebe.legal\/de\/startseite\/"},{"@type":"ListItem","position":2,"name":"Pro bono"}]},{"@type":"WebSite","@id":"https:\/\/www.priebe.legal\/de\/#website","url":"https:\/\/www.priebe.legal\/de\/","name":"PRIEBE | Prawo | Biznes | Nowe technologie","description":"","potentialAction":[{"@type":"SearchAction","target":{"@type":"EntryPoint","urlTemplate":"https:\/\/www.priebe.legal\/de\/?s={search_term_string}"},"query-input":{"@type":"PropertyValueSpecification","valueRequired":true,"valueName":"search_term_string"}}],"inLanguage":"de"}]}},"_links":{"self":[{"href":"https:\/\/www.priebe.legal\/de\/wp-json\/wp\/v2\/pages\/2883","targetHints":{"allow":["GET"]}}],"collection":[{"href":"https:\/\/www.priebe.legal\/de\/wp-json\/wp\/v2\/pages"}],"about":[{"href":"https:\/\/www.priebe.legal\/de\/wp-json\/wp\/v2\/types\/page"}],"author":[{"embeddable":true,"href":"https:\/\/www.priebe.legal\/de\/wp-json\/wp\/v2\/users\/1"}],"replies":[{"embeddable":true,"href":"https:\/\/www.priebe.legal\/de\/wp-json\/wp\/v2\/comments?post=2883"}],"version-history":[{"count":2,"href":"https:\/\/www.priebe.legal\/de\/wp-json\/wp\/v2\/pages\/2883\/revisions"}],"predecessor-version":[{"id":3078,"href":"https:\/\/www.priebe.legal\/de\/wp-json\/wp\/v2\/pages\/2883\/revisions\/3078"}],"wp:attachment":[{"href":"https:\/\/www.priebe.legal\/de\/wp-json\/wp\/v2\/media?parent=2883"}],"curies":[{"name":"wp","href":"https:\/\/api.w.org\/{rel}","templated":true}]}}