{"id":2781,"date":"2023-12-27T19:04:45","date_gmt":"2023-12-27T19:04:45","guid":{"rendered":"https:\/\/www.priebe.legal\/datenschutzbestimmungen\/"},"modified":"2024-01-04T10:47:23","modified_gmt":"2024-01-04T10:47:23","slug":"datenschutzbestimmungen","status":"publish","type":"page","link":"https:\/\/www.priebe.legal\/de\/datenschutzbestimmungen\/","title":{"rendered":"Datenschutzbestimmungen"},"content":{"rendered":"<div class=\"fusion-fullwidth fullwidth-box fusion-builder-row-1 fusion-flex-container has-pattern-background has-mask-background nonhundred-percent-fullwidth non-hundred-percent-height-scrolling\" style=\"--awb-border-radius-top-left:0px;--awb-border-radius-top-right:0px;--awb-border-radius-bottom-right:0px;--awb-border-radius-bottom-left:0px;--awb-flex-wrap:wrap;\" ><div class=\"fusion-builder-row fusion-row fusion-flex-align-items-flex-start fusion-flex-content-wrap\" style=\"max-width:1310.4px;margin-left: calc(-4% \/ 2 );margin-right: calc(-4% \/ 2 );\"><div class=\"fusion-layout-column fusion_builder_column fusion-builder-column-0 fusion_builder_column_1_1 1_1 fusion-flex-column\" style=\"--awb-bg-size:cover;--awb-width-large:100%;--awb-margin-top-large:20px;--awb-spacing-right-large:1.92%;--awb-margin-bottom-large:20px;--awb-spacing-left-large:1.92%;--awb-width-medium:100%;--awb-order-medium:0;--awb-spacing-right-medium:1.92%;--awb-spacing-left-medium:1.92%;--awb-width-small:100%;--awb-order-small:0;--awb-spacing-right-small:1.92%;--awb-spacing-left-small:1.92%;\"><div class=\"fusion-column-wrapper fusion-column-has-shadow fusion-flex-justify-content-flex-start fusion-content-layout-column\"><div class=\"fusion-title title fusion-title-1 fusion-sep-none fusion-title-text fusion-title-size-one\" style=\"--awb-text-color:var(--awb-color7);--awb-font-size:30px;\"><h1 class=\"fusion-title-heading title-heading-left fusion-responsive-typography-calculated\" style=\"margin:0;font-size:1em;--fontSize:30;line-height:var(--awb-typography1-line-height);\"><strong>DATENSCHUTZPOLITIK<\/strong><\/p>\n<p>&nbsp;<\/h1><\/div><div class=\"fusion-text fusion-text-1\" style=\"--awb-font-size:12px;\"><p>[wersja z dnia 31 grudnia 2023 r.]<\/p>\n<\/div><div class=\"fusion-text fusion-text-2\" style=\"--awb-font-size:17px;\"><p>In dieser Datenschutzerkl\u00e4rung werden die Grunds\u00e4tze f\u00fcr die Verarbeitung und den Schutz der personenbezogenen Daten der Nutzer im Zusammenhang mit der Nutzung der Website www.priebe.legal dargelegt, die von der Verwaltungsstelle f\u00fcr personenbezogene Daten (ADO) &#8211; &#8222;Kancelaria Prawno-Patentowa Maciej Priebe&#8220; mit Sitz in Warschau, ul. J.R.R. Tolkiena 3 lok. 39, NIP: 7781100058, REGON: 630686024 &nbsp;(im Folgenden: Administrator, PRIEBE).<\/p>\n<p>Der Administrator unternimmt alle Anstrengungen, um die pers\u00f6nlichen Daten der Nutzer vor dem unbefugten Zugriff Dritter zu sch\u00fctzen und die Privatsph\u00e4re jedes Nutzers zu respektieren. Die personenbezogenen Daten der Nutzer werden in \u00dcbereinstimmung mit den Anforderungen der Verordnung (EU) 2016\/679 des Europ\u00e4ischen Parlaments und des Rates vom 27. April 2016 verarbeitet. zum Schutz nat\u00fcrlicher Personen bei der Verarbeitung personenbezogener Daten und zum freien Datenverkehr und zur Aufhebung der Richtlinie 95\/46\/EG (im Folgenden: RODO) und das Gesetz vom 10. Mai 2018. \u00fcber den Schutz personenbezogener Daten (Journal of Laws 2018, Punkt 1000).<\/p>\n<p><strong>Umfang und Verarbeitung der personenbezogenen Daten<\/strong><\/p>\n<ol>\n<li>Die Verarbeitung der personenbezogenen Daten der Nutzer der Website erfolgt in \u00dcbereinstimmung mit den in der RODO festgelegten Grunds\u00e4tzen.<\/li>\n<li>Die vom Nutzer in das Kontaktformular eingegebenen personenbezogenen Daten werden auf der Grundlage der vom Nutzer erteilten Einwilligung (Artikel 6 Absatz 1 Buchstabe a) RODO) verarbeitet.<\/li>\n<li>Im Falle der Verarbeitung personenbezogener Daten, die auf der Grundlage der von den Nutzern der Website erteilten Zustimmung erfolgt, ist die Angabe personenbezogener Daten durch den Nutzer stets freiwillig.<\/li>\n<li>Die \u00fcber die Formulare \u00fcbermittelten Daten werden auf automatisierte Weise erfasst<br \/>\nund gesammelt. Die in den Formularen erhobenen Daten werden mit Daten verkn\u00fcpft, die von bestimmten Besuchern erhoben werden, z. B. IP-Adresse, Browsertyp, Betriebssystemtyp, Datum und Uhrzeit des Besuchs. Die oben genannten Daten werden auf der Grundlage von Art. 6 Abs. 1(f) des Datenschutzgesetzes zur Verfolgung des berechtigten Interesses von PRIEBE an der individuellen Gestaltung der Website sowie zu analytischen und statistischen Zwecken.<\/li>\n<li>Wenn Nutzer auf der Website www.priebe.legal surfen, werden automatisch Informationen \u00fcber die Nutzung der Website durch die Nutzer und ihre IP-Adressen auf der Grundlage einer Analyse der Zugriffsprotokolle erfasst, z. B. Browsertyp, Betriebssystemtyp, Datum und Uhrzeit des Besuchs, Anzahl der Verbindungen, Anzahl der ge\u00f6ffneten Unterseiten der Website, Dom\u00e4nenname, betrachtete Inhalte. Die bei der Verwendung des Kontaktformulars automatisch erfassten Daten werden nicht mit bestimmten Besuchern in Verbindung gebracht und nur intern f\u00fcr analytische und statistische Zwecke sowie f\u00fcr die Serververwaltung verarbeitet.<\/li>\n<li>Die vom Verwalter erhobenen personenbezogenen Daten k\u00f6nnen \u00fcbermittelt werden:\n<ol>\n<li>den zust\u00e4ndigen staatlichen Beh\u00f6rden auf deren Ersuchen hin auf der Grundlage der einschl\u00e4gigen gesetzlichen Bestimmungen zu \u00fcbermitteln,<\/li>\n<li>an andere Personen und Einrichtungen &#8211; in F\u00e4llen, in denen sich die Verpflichtung zur \u00dcbermittlung personenbezogener Daten aus gesetzlichen Bestimmungen ergibt,<\/li>\n<li>an Stellen, die mit dem Betrieb und der Wartung unserer IT-Systeme und Websites befasst sind.<\/li>\n<\/ol>\n<\/li>\n<\/ol>\n<p><strong>Rechte der betroffenen Personen<\/strong><\/p>\n<ol>\n<li>Die Angabe personenbezogener Daten durch den Nutzer ist immer freiwillig, jedoch verhindert die Nichtangabe der als notwendig gekennzeichneten Daten die Nutzung der \u00fcber die Website des Verwalters angebotenen Dienste.<\/li>\n<li>Die Nutzer der Website haben die folgenden Rechte:\n<ol>\n<li><u>Recht auf Widerruf der Einwilligung &#8211; Rechtsgrundlage Art. 7 RODO.<br \/>\n<\/u>Die betroffene Person hat das Recht, ihre Einwilligung jederzeit zu widerrufen. Der Widerruf der Einwilligung ber\u00fchrt nicht die Rechtm\u00e4\u00dfigkeit der Verarbeitung, die auf der Grundlage der Einwilligung vor deren Widerruf erfolgt ist. Die betroffene Person wird dar\u00fcber informiert, bevor sie ihre Einwilligung gibt. Der Widerruf der Zustimmung muss so einfach sein wie die Erteilung.<\/li>\n<li><u>Recht auf Zugang zu den Daten &#8211; Rechtsgrundlage Art. 15 RODO<br \/>\n<\/u>Die betroffene Person hat das Recht, von dem f\u00fcr die Verarbeitung Verantwortlichen eine Best\u00e4tigung dar\u00fcber zu erhalten, ob sie betreffende personenbezogene Daten verarbeitet werden oder nicht; ist dies der Fall, so hat sie das Recht auf Auskunft \u00fcber diese Daten und auf Informationen \u00fcber die Zwecke der Verarbeitung, die Kategorien der betroffenen personenbezogenen Daten oder Informationen \u00fcber die Empf\u00e4nger oder Kategorien von Empf\u00e4ngern.<br \/>\n<u>Recht auf Berichtigung &#8211; Rechtsgrundlage Art. 16 RODO<\/u><\/li>\n<li>Die betroffene Person hat das Recht, von PRIEBE zu verlangen, dass sie betreffende personenbezogene Daten, die unrichtig sind, unverz\u00fcglich berichtigt werden. Unter Ber\u00fccksichtigung der Zwecke der Verarbeitung hat die betroffene Person das Recht, die Vervollst\u00e4ndigung unvollst\u00e4ndiger personenbezogener Daten zu verlangen, auch durch Abgabe einer zus\u00e4tzlichen Erkl\u00e4rung.<\/li>\n<li><u>Recht auf Vergessenwerden (L\u00f6schung der Daten) &#8211; Rechtsgrundlage Art. 17 RODO<br \/>\n<\/u>Die betroffene Person hat das Recht, von dem f\u00fcr die Verarbeitung Verantwortlichen die unverz\u00fcgliche L\u00f6schung der sie betreffenden personenbezogenen Daten zu verlangen, und der f\u00fcr die Verarbeitung Verantwortliche ist verpflichtet, die personenbezogenen Daten unverz\u00fcglich zu l\u00f6schen, wenn einer der folgenden Umst\u00e4nde vorliegt:<\/p>\n<ol>\n<li>die personenbezogenen Daten f\u00fcr die Zwecke, f\u00fcr die sie erhoben oder anderweitig verarbeitet wurden, nicht mehr erforderlich sind;<\/li>\n<li>die betroffene Person hat die Einwilligung, auf die sich die Verarbeitung st\u00fctzt, widerrufen, und es gibt keine andere Rechtsgrundlage f\u00fcr die Verarbeitung;<\/li>\n<li>die betroffene Person widerspricht der Verarbeitung, und es liegen keine vorrangigen berechtigten Gr\u00fcnde f\u00fcr die Verarbeitung vor;<\/li>\n<li>personenbezogene Daten unrechtm\u00e4\u00dfig verarbeitet wurden;<\/li>\n<li>personenbezogene Daten gel\u00f6scht werden m\u00fcssen, um einer rechtlichen Verpflichtung nach dem Unionsrecht oder dem Recht eines Mitgliedstaats nachzukommen, dem der f\u00fcr die Verarbeitung Verantwortliche unterliegt;<\/li>\n<li>Die personenbezogenen Daten wurden in Verbindung mit dem Angebot von Diensten der Informationsgesellschaft gem\u00e4\u00df Art. 8 Abs. 1 RODO.<\/li>\n<\/ol>\n<\/li>\n<li><u>Recht auf Einschr\u00e4nkung der Verarbeitung &#8211; Rechtsgrundlage Art. 18 RODO<br \/>\n<\/u>Die betroffene Person hat das Recht, von dem f\u00fcr die Verarbeitung Verantwortlichen zu verlangen, dass die Verarbeitung in den folgenden F\u00e4llen eingeschr\u00e4nkt wird:<\/p>\n<ol>\n<li>die betroffene Person die Richtigkeit der personenbezogenen Daten in Frage stellt &#8211; f\u00fcr einen Zeitraum, der es dem Verwalter erm\u00f6glicht, die Richtigkeit der Daten zu \u00fcberpr\u00fcfen;<\/li>\n<li>die Verarbeitung unrechtm\u00e4\u00dfig ist und die betroffene Person gegen die L\u00f6schung der personenbezogenen Daten Einspruch erhebt und stattdessen die Einschr\u00e4nkung ihrer Verwendung verlangt;<\/li>\n<li>Der f\u00fcr die Verarbeitung Verantwortliche ben\u00f6tigt die personenbezogenen Daten f\u00fcr die Zwecke der Verarbeitung nicht mehr, die betroffene Person ben\u00f6tigt sie jedoch zur Begr\u00fcndung, Geltendmachung oder Verteidigung von Rechtsanspr\u00fcchen;<\/li>\n<li>die betroffene Person Widerspruch gegen die Verarbeitung eingelegt hat &#8211; bis festgestellt ist, ob die berechtigten Gr\u00fcnde des f\u00fcr die Verarbeitung Verantwortlichen die Gr\u00fcnde des Widerspruchs der betroffenen Person \u00fcberwiegen.<\/li>\n<\/ol>\n<\/li>\n<li><u>Recht auf Daten\u00fcbertragbarkeit &#8211; Rechtsgrundlage Art. 20 RODO<br \/>\n<\/u>Die betroffene Person hat das Recht, die sie betreffenden personenbezogenen Daten, die sie dem f\u00fcr die Verarbeitung Verantwortlichen bereitgestellt hat, in einem strukturierten, g\u00e4ngigen und maschinenlesbaren Format zu erhalten, und sie hat das Recht, diese personenbezogenen Daten einem anderen f\u00fcr die Verarbeitung Verantwortlichen zu \u00fcbermitteln, ohne dass der f\u00fcr die Verarbeitung Verantwortliche, dem die personenbezogenen Daten bereitgestellt wurden, daran gehindert wird, wenn:<\/p>\n<ol>\n<li>Die Verarbeitung beruht auf einer Einwilligung gem\u00e4\u00df Art. 6 Abs. 1 Lit. (a) oder Art. 9(1). 2 Lit. (a) oder auf der Grundlage einer Vereinbarung gem\u00e4\u00df Art. 6 Abs. 1 Lit. (b); und<\/li>\n<li>die Verarbeitung erfolgt mit automatischen Mitteln.<\/li>\n<\/ol>\n<\/li>\n<li><u>Recht auf Widerspruch gegen die Datenverarbeitung &#8211; Rechtsgrundlage Art. 21 RODO<br \/>\n<\/u>Die betroffene Person hat das Recht, aus Gr\u00fcnden, die sich aus ihrer besonderen Situation ergeben, jederzeit gegen die Verarbeitung der sie betreffenden personenbezogenen Daten, die aufgrund von Art. 6 Abs. 1 Lit. (e) oder (f), einschlie\u00dflich des Profilings nach diesen Bestimmungen. Der f\u00fcr die Verarbeitung Verantwortliche darf diese personenbezogenen Daten nicht mehr verarbeiten, es sei denn, er kann zwingende schutzw\u00fcrdige Gr\u00fcnde f\u00fcr die Verarbeitung nachweisen, die die Interessen, Rechte und Freiheiten der betroffenen Person \u00fcberwiegen, oder Gr\u00fcnde, die der Feststellung, Aus\u00fcbung oder Verteidigung von Anspr\u00fcchen dienen.<\/li>\n<\/ol>\n<\/li>\n<\/ol>\n<p>Die betroffene Person hat das Recht, nicht einer ausschlie\u00dflich auf einer automatisierten Verarbeitung &#8211; einschlie\u00dflich Profiling &#8211; beruhenden Entscheidung unterworfen zu werden, die f\u00fcr die betroffene Person rechtliche Folgen nach sich zieht oder sie in \u00e4hnlicher Weise erheblich beeintr\u00e4chtigt.<\/p>\n<ol>\n<li style=\"list-style-type: none;\">\n<ol>\n<li><u>Das Recht, eine Beschwerde bei der Aufsichtsbeh\u00f6rde einzureichen, d.h. beim Pr\u00e4sidenten des Amtes f\u00fcr den Schutz personenbezogener Daten<\/u>&nbsp;(Anschrift: Pr\u00e4sident des Amtes f\u00fcr den Schutz personenbezogener Daten, Stawki-Stra\u00dfe 2, 00-193 Warschau).<\/li>\n<\/ol>\n<\/li>\n<\/ol>\n<p>Um die in Absatz 1 genannten Rechte auszu\u00fcben, muss der Nutzer 2 oben, sollte er\/sie sich an den Administrator unter der E-Mail-Adresse wenden:&nbsp;<a href=\"mailto:kontakt@inpro24.pl\">maciej@priebe.legal<\/a> oder benachrichtigen Sie den Verwalter telefonisch unter: +48 502653479.<\/p>\n<p><strong>Informationen \u00fcber Cookies<\/strong><\/p>\n<ol>\n<li>Die Website verwendet Cookies.<\/li>\n<li>Cookies (sog. &#8222;Cookies&#8220;) sind IT-Daten, insbesondere Textdateien, die im Endger\u00e4t des Dienstnutzers gespeichert werden und f\u00fcr die Nutzung der Website bestimmt sind. Cookies enthalten in der Regel den Namen der Website, von der sie stammen, die Zeit, in der sie auf dem Endger\u00e4t gespeichert werden, und eine eindeutige Nummer.<\/li>\n<li>Die Stelle, die Cookies auf dem Endger\u00e4t des Nutzers platziert und auf sie zugreift, ist der Betreiber des Dienstes.<\/li>\n<li>Cookies werden f\u00fcr die folgenden Zwecke verwendet:\n<ul>\n<li>die Erstellung von Statistiken, die uns helfen zu verstehen, wie die Besucher der Website die Websites nutzen, was es uns erm\u00f6glicht, deren Struktur und Inhalt zu verbessern;<\/li>\n<li>um Ihr Profil zu erstellen, damit Ihnen in Werbenetzwerken, insbesondere im Google-Netzwerk, ma\u00dfgeschneiderte Inhalte angezeigt werden k\u00f6nnen.<\/li>\n<\/ul>\n<\/li>\n<li>Die Website verwendet zwei Haupttypen von Cookies: &#8222;Sitzungscookies&#8220; und &#8222;permanente Cookies&#8220; (dauerhafte Cookies). &#8222;Session&#8220;-Cookies sind tempor\u00e4re Dateien, die auf dem Endger\u00e4t des Nutzers gespeichert werden, bis sich der Nutzer abmeldet, die Website verl\u00e4sst oder die Software (Webbrowser) ausschaltet. &#8222;Permanente&#8220; Cookies werden auf dem Endger\u00e4t des Nutzers f\u00fcr die in den Parametern der Cookies angegebene Zeit oder bis zu ihrer L\u00f6schung durch den Nutzer gespeichert.<\/li>\n<li>Die Web-Browsing-Software (Webbrowser) erlaubt in der Regel standardm\u00e4\u00dfig die Speicherung von Cookies auf dem Endger\u00e4t des Nutzers. Die Nutzer des Dienstes k\u00f6nnen ihre diesbez\u00fcglichen Einstellungen \u00e4ndern. Ihr Webbrowser erlaubt es Ihnen, Cookies zu l\u00f6schen. Es ist auch m\u00f6glich, Cookies automatisch zu blockieren. Einzelheiten hierzu entnehmen Sie bitte der Hilfe oder Dokumentation Ihres Browsers.<\/li>\n<li>Einschr\u00e4nkungen bei der Verwendung von Cookies k\u00f6nnen einige der auf der Website verf\u00fcgbaren Funktionen beeintr\u00e4chtigen.<\/li>\n<li>Cookies werden im Endger\u00e4t des Nutzers des Dienstes platziert und k\u00f6nnen auch von Werbetreibenden und Partnern, die mit dem Betreiber des Dienstes zusammenarbeiten, verwendet werden.<\/li>\n<li>Wir empfehlen, die Datenschutzrichtlinien dieser Unternehmen zu lesen, um die Verwendung von Cookies f\u00fcr Statistiken zu verstehen:&nbsp;<u><br \/>\n  <a href=\"http:\/\/www.google.pl\/intl\/pl\/analytics\/privacyoverview.html\">Google Analytics Datenschutzrichtlinie<\/a><br \/>\n<\/u><\/li>\n<li>Cookies k\u00f6nnen von Werbenetzwerken, insbesondere dem Google-Netzwerk, verwendet werden, um Werbung anzuzeigen, die auf die Art und Weise, wie Sie die Website nutzen, zugeschnitten ist. Zu diesem Zweck k\u00f6nnen sie Informationen \u00fcber den Navigationspfad des Nutzers oder die Verweildauer auf einer bestimmten Seite aufbewahren.<\/li>\n<li>Was die vom Google-Werbenetzwerk gesammelten Informationen \u00fcber die Nutzerpr\u00e4ferenzen angeht, so kann der Nutzer die aus den Cookies resultierenden Informationen mit Hilfe eines Tools einsehen und bearbeiten:<u><br \/>\n  <a href=\"https:\/\/ekoplyta.com.pl\/www.google.com\/ads\/preferences\/\">&nbsp;https:\/\/www.google.com\/ads\/preferences\/<\/a><br \/>\n<\/u><\/li>\n<li>Wenn Sie keine Cookies erhalten m\u00f6chten, k\u00f6nnen Sie Ihre Browsereinstellungen \u00e4ndern. Bitte beachten Sie, dass die Deaktivierung von Cookies, die f\u00fcr Authentifizierungsprozesse, die Sicherheit und die Beibehaltung von Benutzerpr\u00e4ferenzen unerl\u00e4sslich sind, die Nutzung der Websites erschweren und in extremen F\u00e4llen unm\u00f6glich machen kann.<\/li>\n<li>Um Ihre Cookie-Einstellungen zu verwalten, w\u00e4hlen Sie Ihren Browser\/Ihr System aus der folgenden Liste aus und folgen Sie den Anweisungen:\n<ul>\n<li><u><a href=\"http:\/\/support.microsoft.com\/kb\/196955\">Internet Explorer<\/a><\/u><\/li>\n<li><u><a href=\"http:\/\/support.google.com\/chrome\/bin\/answer.py?hl=pl&amp;answer=95647\">Chrom<\/a><\/u><\/li>\n<li><u><a href=\"http:\/\/support.apple.com\/kb\/PH5042\">Safari<\/a><\/u><\/li>\n<li><u><a href=\"http:\/\/support.mozilla.org\/pl\/kb\/W%C5%82%C4%85czanie%20i%20wy%C5%82%C4%85czanie%20obs%C5%82ugi%20ciasteczek\">Firefox<\/a><\/u><\/li>\n<li><u><a href=\"http:\/\/help.opera.com\/Windows\/12.10\/pl\/cookies.html\">Oper<\/a><\/u><\/li>\n<li><u><a href=\"http:\/\/support.google.com\/chrome\/bin\/answer.py?hl=pl&amp;answer=95647\">Android<\/a><\/u><\/li>\n<li><u><a href=\"http:\/\/support.apple.com\/kb\/HT1677?viewlocale=pl_PL\">Safari (iOS)<\/a><\/u><\/li>\n<li><u><a href=\"http:\/\/www.windowsphone.com\/pl-pl\/how-to\/wp7\/web\/changing-privacy-and-other-browser-settings\">Windows Phone<\/a><\/u><\/li>\n<li><u><a href=\"http:\/\/docs.blackberry.com\/en\/smartphone_users\/deliverables\/32004\/Turn_off_cookies_in_the_browser_60_1072866_11.jsp\">Blackberry<\/a><\/u><\/li>\n<\/ul>\n<\/li>\n<\/ol>\n<p><strong>Sicherheit der Daten<\/strong><\/p>\n<p>PRIEBE ergreift alle erforderlichen technischen Ma\u00dfnahmen, um die personenbezogenen Daten der Nutzer vor dem Eindringen Dritter in die Privatsph\u00e4re der Nutzer zu sch\u00fctzen und den unbefugten oder unrechtm\u00e4\u00dfigen Zugriff auf die personenbezogenen Daten der Nutzer sowie deren versehentlichen Verlust, Zerst\u00f6rung oder Besch\u00e4digung zu verhindern.<\/p>\n<p><strong>\u00c4nderungen der Datenschutzrichtlinie<\/strong><\/p>\n<p>PRIEBE beh\u00e4lt sich das Recht vor, diese Datenschutzrichtlinie jederzeit zu \u00e4ndern. Diese wird durch die Ver\u00f6ffentlichung der neuen Datenschutzbestimmungen auf der Website priebe.legal ge\u00e4ndert.<\/p>\n<p>&nbsp;<\/p>\n<\/div><\/div><\/div><\/div><\/div>\n","protected":false},"excerpt":{"rendered":"","protected":false},"author":1,"featured_media":0,"parent":0,"menu_order":0,"comment_status":"closed","ping_status":"closed","template":"","meta":{"_acf_changed":false,"footnotes":""},"class_list":["post-2781","page","type-page","status-publish","hentry"],"acf":[],"yoast_head":"<!-- This site is optimized with the Yoast SEO plugin v27.4 - https:\/\/yoast.com\/product\/yoast-seo-wordpress\/ -->\n<title>Datenschutzbestimmungen - PRIEBE | Prawo | Biznes | Nowe technologie<\/title>\n<meta name=\"robots\" content=\"index, follow, max-snippet:-1, max-image-preview:large, max-video-preview:-1\" \/>\n<link rel=\"canonical\" href=\"https:\/\/www.priebe.legal\/de\/datenschutzbestimmungen\/\" \/>\n<meta property=\"og:locale\" content=\"de_DE\" \/>\n<meta property=\"og:type\" content=\"article\" \/>\n<meta property=\"og:title\" content=\"Datenschutzbestimmungen - PRIEBE | Prawo | Biznes | Nowe technologie\" \/>\n<meta property=\"og:url\" content=\"https:\/\/www.priebe.legal\/de\/datenschutzbestimmungen\/\" \/>\n<meta property=\"og:site_name\" content=\"PRIEBE | Prawo | Biznes | Nowe technologie\" \/>\n<meta property=\"article:modified_time\" content=\"2024-01-04T10:47:23+00:00\" \/>\n<meta name=\"twitter:card\" content=\"summary_large_image\" \/>\n<meta name=\"twitter:label1\" content=\"Gesch\u00e4tzte Lesezeit\" \/>\n\t<meta name=\"twitter:data1\" content=\"13\u00a0Minuten\" \/>\n<script type=\"application\/ld+json\" class=\"yoast-schema-graph\">{\"@context\":\"https:\\\/\\\/schema.org\",\"@graph\":[{\"@type\":\"WebPage\",\"@id\":\"https:\\\/\\\/www.priebe.legal\\\/de\\\/datenschutzbestimmungen\\\/\",\"url\":\"https:\\\/\\\/www.priebe.legal\\\/de\\\/datenschutzbestimmungen\\\/\",\"name\":\"Datenschutzbestimmungen - PRIEBE | Prawo | Biznes | Nowe technologie\",\"isPartOf\":{\"@id\":\"https:\\\/\\\/www.priebe.legal\\\/de\\\/#website\"},\"datePublished\":\"2023-12-27T19:04:45+00:00\",\"dateModified\":\"2024-01-04T10:47:23+00:00\",\"breadcrumb\":{\"@id\":\"https:\\\/\\\/www.priebe.legal\\\/de\\\/datenschutzbestimmungen\\\/#breadcrumb\"},\"inLanguage\":\"de\",\"potentialAction\":[{\"@type\":\"ReadAction\",\"target\":[\"https:\\\/\\\/www.priebe.legal\\\/de\\\/datenschutzbestimmungen\\\/\"]}]},{\"@type\":\"BreadcrumbList\",\"@id\":\"https:\\\/\\\/www.priebe.legal\\\/de\\\/datenschutzbestimmungen\\\/#breadcrumb\",\"itemListElement\":[{\"@type\":\"ListItem\",\"position\":1,\"name\":\"Strona g\u0142\u00f3wna\",\"item\":\"https:\\\/\\\/www.priebe.legal\\\/de\\\/startseite\\\/\"},{\"@type\":\"ListItem\",\"position\":2,\"name\":\"Datenschutzbestimmungen\"}]},{\"@type\":\"WebSite\",\"@id\":\"https:\\\/\\\/www.priebe.legal\\\/de\\\/#website\",\"url\":\"https:\\\/\\\/www.priebe.legal\\\/de\\\/\",\"name\":\"PRIEBE | Prawo | Biznes | Nowe technologie\",\"description\":\"\",\"potentialAction\":[{\"@type\":\"SearchAction\",\"target\":{\"@type\":\"EntryPoint\",\"urlTemplate\":\"https:\\\/\\\/www.priebe.legal\\\/de\\\/?s={search_term_string}\"},\"query-input\":{\"@type\":\"PropertyValueSpecification\",\"valueRequired\":true,\"valueName\":\"search_term_string\"}}],\"inLanguage\":\"de\"}]}<\/script>\n<!-- \/ Yoast SEO plugin. -->","yoast_head_json":{"title":"Datenschutzbestimmungen - PRIEBE | Prawo | Biznes | Nowe technologie","robots":{"index":"index","follow":"follow","max-snippet":"max-snippet:-1","max-image-preview":"max-image-preview:large","max-video-preview":"max-video-preview:-1"},"canonical":"https:\/\/www.priebe.legal\/de\/datenschutzbestimmungen\/","og_locale":"de_DE","og_type":"article","og_title":"Datenschutzbestimmungen - PRIEBE | Prawo | Biznes | Nowe technologie","og_url":"https:\/\/www.priebe.legal\/de\/datenschutzbestimmungen\/","og_site_name":"PRIEBE | Prawo | Biznes | Nowe technologie","article_modified_time":"2024-01-04T10:47:23+00:00","twitter_card":"summary_large_image","twitter_misc":{"Gesch\u00e4tzte Lesezeit":"13\u00a0Minuten"},"schema":{"@context":"https:\/\/schema.org","@graph":[{"@type":"WebPage","@id":"https:\/\/www.priebe.legal\/de\/datenschutzbestimmungen\/","url":"https:\/\/www.priebe.legal\/de\/datenschutzbestimmungen\/","name":"Datenschutzbestimmungen - PRIEBE | Prawo | Biznes | Nowe technologie","isPartOf":{"@id":"https:\/\/www.priebe.legal\/de\/#website"},"datePublished":"2023-12-27T19:04:45+00:00","dateModified":"2024-01-04T10:47:23+00:00","breadcrumb":{"@id":"https:\/\/www.priebe.legal\/de\/datenschutzbestimmungen\/#breadcrumb"},"inLanguage":"de","potentialAction":[{"@type":"ReadAction","target":["https:\/\/www.priebe.legal\/de\/datenschutzbestimmungen\/"]}]},{"@type":"BreadcrumbList","@id":"https:\/\/www.priebe.legal\/de\/datenschutzbestimmungen\/#breadcrumb","itemListElement":[{"@type":"ListItem","position":1,"name":"Strona g\u0142\u00f3wna","item":"https:\/\/www.priebe.legal\/de\/startseite\/"},{"@type":"ListItem","position":2,"name":"Datenschutzbestimmungen"}]},{"@type":"WebSite","@id":"https:\/\/www.priebe.legal\/de\/#website","url":"https:\/\/www.priebe.legal\/de\/","name":"PRIEBE | Prawo | Biznes | Nowe technologie","description":"","potentialAction":[{"@type":"SearchAction","target":{"@type":"EntryPoint","urlTemplate":"https:\/\/www.priebe.legal\/de\/?s={search_term_string}"},"query-input":{"@type":"PropertyValueSpecification","valueRequired":true,"valueName":"search_term_string"}}],"inLanguage":"de"}]}},"_links":{"self":[{"href":"https:\/\/www.priebe.legal\/de\/wp-json\/wp\/v2\/pages\/2781","targetHints":{"allow":["GET"]}}],"collection":[{"href":"https:\/\/www.priebe.legal\/de\/wp-json\/wp\/v2\/pages"}],"about":[{"href":"https:\/\/www.priebe.legal\/de\/wp-json\/wp\/v2\/types\/page"}],"author":[{"embeddable":true,"href":"https:\/\/www.priebe.legal\/de\/wp-json\/wp\/v2\/users\/1"}],"replies":[{"embeddable":true,"href":"https:\/\/www.priebe.legal\/de\/wp-json\/wp\/v2\/comments?post=2781"}],"version-history":[{"count":4,"href":"https:\/\/www.priebe.legal\/de\/wp-json\/wp\/v2\/pages\/2781\/revisions"}],"predecessor-version":[{"id":2786,"href":"https:\/\/www.priebe.legal\/de\/wp-json\/wp\/v2\/pages\/2781\/revisions\/2786"}],"wp:attachment":[{"href":"https:\/\/www.priebe.legal\/de\/wp-json\/wp\/v2\/media?parent=2781"}],"curies":[{"name":"wp","href":"https:\/\/api.w.org\/{rel}","templated":true}]}}